{"id":3018,"date":"2020-01-17T15:36:59","date_gmt":"2020-01-17T15:36:59","guid":{"rendered":"https:\/\/demo.casethemes.net\/consultio-it\/?page_id=3018"},"modified":"2021-02-26T01:00:55","modified_gmt":"2021-02-26T01:00:55","slug":"home","status":"publish","type":"page","link":"https:\/\/grupobarcelona.com\/","title":{"rendered":"Inicio"},"content":{"rendered":"\t\t<div data-elementor-type=\"wp-page\" data-elementor-id=\"3018\" class=\"elementor elementor-3018\">\n\t\t\t\t\t\t<section class=\"elementor-section elementor-top-section elementor-element elementor-element-7fd29f0 elementor-section-stretched elementor-section-full_width elementor-section-height-default elementor-section-height-default\" data-id=\"7fd29f0\" data-element_type=\"section\" data-settings=\"{&quot;stretch_section&quot;:&quot;section-stretched&quot;}\">\n\t\t\t\t\t\t<div class=\"elementor-container elementor-column-gap-no\">\n\t\t\t\t\t<div class=\"elementor-column elementor-col-100 elementor-top-column elementor-element elementor-element-7c12415\" data-id=\"7c12415\" data-element_type=\"column\">\n\t\t\t<div class=\"elementor-widget-wrap elementor-element-populated\">\n\t\t\t\t\t\t<div class=\"elementor-element elementor-element-7e5062c elementor-widget elementor-widget-slider_revolution\" data-id=\"7e5062c\" data-element_type=\"widget\" data-widget_type=\"slider_revolution.default\">\n\t\t\t\t<div class=\"elementor-widget-container\">\n\t\t\t\t\t\r\n\t\t<div class=\"wp-block-themepunch-revslider\">\n\t\t\t<!-- START IT Solution REVOLUTION SLIDER 6.3.9 --><p class=\"rs-p-wp-fix\"><\/p>\n\t\t\t<rs-module-wrap id=\"rev_slider_1_1_wrapper\" data-source=\"gallery\" style=\"background:transparent;padding:0;margin:0px auto;margin-top:0;margin-bottom:0;\">\n\t\t\t\t<rs-module id=\"rev_slider_1_1\" style=\"\" data-version=\"6.3.9\">\n\t\t\t\t\t<rs-slides>\n\t\t\t\t\t\t<rs-slide data-key=\"rs-1\" data-title=\"Slide\" data-anim=\"ei:d;eo:d;s:1000;r:0;t:fade;sl:0;\">\n\t\t\t\t\t\t\t<img fetchpriority=\"high\" decoding=\"async\" src=\"\/\/grupobarcelona.com\/wp-content\/uploads\/2021\/02\/bg01-1.png\" title=\"bg01\" width=\"1024\" height=\"633\" class=\"rev-slidebg\" data-no-retina>\n<!--\n\t\t\t\t\t\t\t--><rs-layer\n\t\t\t\t\t\t\t\tid=\"slider-1-slide-1-layer-1\" \n\t\t\t\t\t\t\t\tdata-type=\"image\"\n\t\t\t\t\t\t\t\tdata-rsp_ch=\"on\"\n\t\t\t\t\t\t\t\tdata-xy=\"xo:28px,23px,17px,10px;yo:199px,165px,125px,77px;\"\n\t\t\t\t\t\t\t\tdata-text=\"w:normal;s:20,16,12,7;l:0,20,15,9;\"\n\t\t\t\t\t\t\t\tdata-dim=\"w:587px,488px,370px,228px;h:169px,140px,106px,65px;\"\n\t\t\t\t\t\t\t\tdata-frame_1=\"y:-1px,0px,0px,0px;st:280;sp:800;sR:280;\"\n\t\t\t\t\t\t\t\tdata-frame_999=\"o:0;st:w;sR:7920;\"\n\t\t\t\t\t\t\t\tstyle=\"z-index:5;\"\n\t\t\t\t\t\t\t><img decoding=\"async\" src=\"\/\/grupobarcelona.com\/wp-content\/uploads\/2021\/02\/TopHeader-Text.png\" width=\"642\" height=\"185\" data-no-retina> \n\t\t\t\t\t\t\t<\/rs-layer><!--\n\n\t\t\t\t\t\t\t--><rs-layer\n\t\t\t\t\t\t\t\tid=\"slider-1-slide-1-layer-4\" \n\t\t\t\t\t\t\t\tdata-type=\"image\"\n\t\t\t\t\t\t\t\tdata-rsp_ch=\"on\"\n\t\t\t\t\t\t\t\tdata-xy=\"xo:28px,23px,17px,10px;yo:409px,340px,258px,159px;\"\n\t\t\t\t\t\t\t\tdata-text=\"w:normal;s:20,16,12,7;l:0,20,15,9;\"\n\t\t\t\t\t\t\t\tdata-dim=\"w:570px,474px,360px,222px;h:284px,236px,179px,110px;\"\n\t\t\t\t\t\t\t\tdata-frame_1=\"x:-1px,0px,0px,0px;e:power3.in;sp:800;\"\n\t\t\t\t\t\t\t\tdata-frame_999=\"o:0;st:w;sR:8200;\"\n\t\t\t\t\t\t\t\tstyle=\"z-index:9;\"\n\t\t\t\t\t\t\t><img decoding=\"async\" src=\"\/\/grupobarcelona.com\/wp-content\/uploads\/2021\/02\/TopHeader2-Text.png\" width=\"587\" height=\"292\" data-no-retina> \n\t\t\t\t\t\t\t<\/rs-layer><!--\n-->\t\t\t\t\t\t<\/rs-slide>\n\t\t\t\t\t<\/rs-slides>\n\t\t\t\t<\/rs-module>\n\t\t\t\t<script type=\"text\/javascript\">\n\t\t\t\t\tsetREVStartSize({c: 'rev_slider_1_1',rl:[1240,1024,778,480],el:[912,912,680,560],gw:[1230,1024,778,480],gh:[912,912,680,560],type:'standard',justify:'',layout:'fullwidth',mh:\"0\"});\n\t\t\t\t\tvar\trevapi1,\n\t\t\t\t\t\ttpj;\n\t\t\t\t\tfunction revinit_revslider11() {\n\t\t\t\t\tjQuery(function() {\n\t\t\t\t\t\ttpj = jQuery;\n\t\t\t\t\t\trevapi1 = tpj(\"#rev_slider_1_1\");\n\t\t\t\t\t\tif(revapi1==undefined || revapi1.revolution == undefined){\n\t\t\t\t\t\t\trevslider_showDoubleJqueryError(\"rev_slider_1_1\");\n\t\t\t\t\t\t}else{\n\t\t\t\t\t\t\trevapi1.revolution({\n\t\t\t\t\t\t\t\tsliderLayout:\"fullwidth\",\n\t\t\t\t\t\t\t\tvisibilityLevels:\"1240,1024,778,480\",\n\t\t\t\t\t\t\t\tgridwidth:\"1230,1024,778,480\",\n\t\t\t\t\t\t\t\tgridheight:\"912,912,680,560\",\n\t\t\t\t\t\t\t\tspinner:\"spinner0\",\n\t\t\t\t\t\t\t\tperspective:600,\n\t\t\t\t\t\t\t\tperspectiveType:\"local\",\n\t\t\t\t\t\t\t\tkeepBPHeight:true,\n\t\t\t\t\t\t\t\teditorheight:\"912,912,680,560\",\n\t\t\t\t\t\t\t\tresponsiveLevels:\"1240,1024,778,480\",\n\t\t\t\t\t\t\t\tprogressBar:{disableProgressBar:true},\n\t\t\t\t\t\t\t\tnavigation: {\n\t\t\t\t\t\t\t\t\tonHoverStop:false\n\t\t\t\t\t\t\t\t},\n\t\t\t\t\t\t\t\tfallbacks: {\n\t\t\t\t\t\t\t\t\tallowHTML5AutoPlayOnAndroid:true\n\t\t\t\t\t\t\t\t},\n\t\t\t\t\t\t\t});\n\t\t\t\t\t\t}\n\t\t\t\t\t\t\n\t\t\t\t\t});\n\t\t\t\t\t} \/\/ End of RevInitScript\n\t\t\t\tvar once_revslider11 = false;\n\t\t\t\tif (document.readyState === \"loading\") {document.addEventListener('readystatechange',function() { if((document.readyState === \"interactive\" || document.readyState === \"complete\") && !once_revslider11 ) { once_revslider11 = true; revinit_revslider11();}});} else {once_revslider11 = true; revinit_revslider11();}\n\t\t\t\t<\/script>\n\t\t\t<\/rs-module-wrap>\n\t\t\t<!-- END REVOLUTION SLIDER -->\n<\/div>\r\n\r\n\t\t\t\t\t\t<\/div>\n\t\t\t\t<\/div>\n\t\t\t\t\t<\/div>\n\t\t<\/div>\n\t\t\t\t\t<\/div>\n\t\t<\/section>\n\t\t\t\t<section class=\"elementor-section elementor-top-section elementor-element elementor-element-c194836 elementor-section-boxed elementor-section-height-default elementor-section-height-default\" data-id=\"c194836\" data-element_type=\"section\">\n\t\t\t\t\t\t<div class=\"elementor-container elementor-column-gap-default\">\n\t\t\t\t\t<div class=\"elementor-column elementor-col-33 elementor-top-column elementor-element elementor-element-3321274\" data-id=\"3321274\" data-element_type=\"column\">\n\t\t\t<div class=\"elementor-widget-wrap elementor-element-populated\">\n\t\t\t\t\t\t<div class=\"elementor-element elementor-element-04619f1 elementor-widget elementor-widget-html\" data-id=\"04619f1\" data-element_type=\"widget\" data-widget_type=\"html.default\">\n\t\t\t\t<div class=\"elementor-widget-container\">\n\t\t\t\t\t<style>\n    .card-2 {\n  box-shadow: 0 3px 6px rgba(0,0,0,0.16), 0 3px 6px rgba(0,0,0,0.23);\n  font-family: Arial, Helvetica, sans-serif;\n  font-size: 14px;\n  height: 580px;\n}\n<\/style>\n<div style=\"text-align:left;\" class=\"card-2\">\n    <img decoding=\"async\" style=\"width: 100%;\" src=\"https:\/\/grupobarcelona.com\/wp-content\/uploads\/2021\/02\/thumbnail_1.png\" \/>\n    <h3 style=\"font-size: 20px;line-height: 30px;margin-bottom: 10p;padding-top:15px;padding-left: 15px;padding-right: 15px;\">Bienes Ra\u00edces<\/h3>\n    <p style=\"margin-bottom: 5px;padding-left: 15px;padding-right: 15px;\">GRUPO BARCELONA S.A.<\/p>\n    <p style=\"padding-left: 15px;padding-right: 15px;\">Profesionales en Bienes Ra\u00edces\nSe dedica al corretaje de propiedades comerciales, industriales, viviendas, apartamentos, fincas y mucho m\u00e1s.<\/p>\n<p style=\"padding-left: 15px;padding-right: 15px;\">Desarrollo de Proyectos y representaci\u00f3n Manejo de Transacciones utilizando lo \u00faltimo en tecnolog\u00eda y servicio personalizado.<\/p>\n<p style=\"padding-left: 15px;padding-bottom: 30px;\">Licencia \u2013 PJ \u2013 0745 \u2013 09 \u2013 Operando bajo el Nombre Comercial El Corredor.net\nInventario actualizado en <a href=\"http:\/\/www.elcorredor.net\">www.elcorredor.net<\/a>\n<\/p>\n<\/div>\t\t\t\t<\/div>\n\t\t\t\t<\/div>\n\t\t\t\t\t<\/div>\n\t\t<\/div>\n\t\t\t\t<div class=\"elementor-column elementor-col-33 elementor-top-column elementor-element elementor-element-9a9bb3f\" data-id=\"9a9bb3f\" data-element_type=\"column\">\n\t\t\t<div class=\"elementor-widget-wrap elementor-element-populated\">\n\t\t\t\t\t\t<div class=\"elementor-element elementor-element-d70be47 elementor-widget elementor-widget-html\" data-id=\"d70be47\" data-element_type=\"widget\" data-widget_type=\"html.default\">\n\t\t\t\t<div class=\"elementor-widget-container\">\n\t\t\t\t\t<style>\n    .card-2 {\n  box-shadow: 0 3px 6px rgba(0,0,0,0.16), 0 3px 6px rgba(0,0,0,0.23);\n  font-family: Arial, Helvetica, sans-serif;\n  font-size: 14px;\n  height: 580px;\n}\n<\/style>\n<div style=\"text-align:left;\" class=\"card-2\">\n    <img decoding=\"async\" style=\"width: 100%;\" src=\"https:\/\/grupobarcelona.com\/wp-content\/uploads\/2021\/02\/thumbnail_2.png\" \/>\n    <h3 style=\"font-size: 20px;line-height: 30px;margin-bottom: 10p;padding-top:15px;padding-left: 15px;padding-right: 15px;\">Representaci\u00f3n de Marcas<\/h3>\n    <p style=\"margin-bottom: 5px;padding-left: 15px;padding-right: 15px;\">Grupo BARCELONA S.A. a trav\u00e9s de sus PLATAFORMAS TECNOL\u00d3GICAS brinda el servicio de REPRESENTACI\u00d3N DE MARCAS, DISTRIBUCI\u00d3N, COMERCIALIZACI\u00d3N E INTRODUCCI\u00d3N<\/p>\n    <p style=\"padding-left: 15px;padding-right: 15px;padding-top:15pX\">As\u00ed mismo IMPORTA Y RE EXPORTA dichas marcas, utilizando el CENTRO LOG\u00cdSTICO de PANAM\u00c1<\/p>\n\n<\/div>\t\t\t\t<\/div>\n\t\t\t\t<\/div>\n\t\t\t\t\t<\/div>\n\t\t<\/div>\n\t\t\t\t<div class=\"elementor-column elementor-col-33 elementor-top-column elementor-element elementor-element-a52a0c4\" data-id=\"a52a0c4\" data-element_type=\"column\">\n\t\t\t<div class=\"elementor-widget-wrap elementor-element-populated\">\n\t\t\t\t\t\t<div class=\"elementor-element elementor-element-7a38e59 elementor-widget elementor-widget-html\" data-id=\"7a38e59\" data-element_type=\"widget\" data-widget_type=\"html.default\">\n\t\t\t\t<div class=\"elementor-widget-container\">\n\t\t\t\t\t<style>\n    .card-2 {\n  box-shadow: 0 3px 6px rgba(0,0,0,0.16), 0 3px 6px rgba(0,0,0,0.23);\n  font-family: Arial, Helvetica, sans-serif;\n  font-size: 14px;\n  height: 580px;\n}\n<\/style>\n<div style=\"text-align:left;\" class=\"card-2\">\n    <img decoding=\"async\" style=\"width: 100%;\" src=\"https:\/\/grupobarcelona.com\/wp-content\/uploads\/2021\/02\/thumbnail_3.png\" \/>\n    <h3 style=\"font-size: 20px;line-height: 30px;margin-bottom: 10p;padding-top:15px;padding-left: 15px;padding-right: 15px;\">Asesor\u00eda<\/h3>\n    <p style=\"margin-bottom: 5px;padding-left: 15px;padding-right: 15px;\">Servicio de Asesor\u00eda en temas de FINANZAS, HIPOTECAS para obtenci\u00f3n de cr\u00e9ditos a trav\u00e9s de nuestros BROKERS y OFICIALES  de BANCOS NACIONALES e INTERNACIONALES<\/p>\n<\/div>\t\t\t\t<\/div>\n\t\t\t\t<\/div>\n\t\t\t\t\t<\/div>\n\t\t<\/div>\n\t\t\t\t\t<\/div>\n\t\t<\/section>\n\t\t\t\t<section class=\"elementor-section elementor-top-section elementor-element elementor-element-1900810 elementor-section-boxed elementor-section-height-default elementor-section-height-default\" data-id=\"1900810\" data-element_type=\"section\">\n\t\t\t\t\t\t<div class=\"elementor-container elementor-column-gap-default\">\n\t\t\t\t\t<div class=\"elementor-column elementor-col-100 elementor-top-column elementor-element elementor-element-4b63148\" data-id=\"4b63148\" data-element_type=\"column\">\n\t\t\t<div class=\"elementor-widget-wrap\">\n\t\t\t\t\t\t\t<\/div>\n\t\t<\/div>\n\t\t\t\t\t<\/div>\n\t\t<\/section>\n\t\t\t\t<section class=\"elementor-section elementor-top-section elementor-element elementor-element-b77e785 elementor-section-boxed elementor-section-height-default elementor-section-height-default\" data-id=\"b77e785\" data-element_type=\"section\">\n\t\t\t\t\t\t<div class=\"elementor-container elementor-column-gap-default\">\n\t\t\t\t\t<div class=\"elementor-column elementor-col-100 elementor-top-column elementor-element elementor-element-8c675ce\" data-id=\"8c675ce\" data-element_type=\"column\">\n\t\t\t<div class=\"elementor-widget-wrap elementor-element-populated\">\n\t\t\t\t\t\t<section class=\"elementor-section elementor-inner-section elementor-element elementor-element-bf3fe23 elementor-section-boxed elementor-section-height-default elementor-section-height-default\" data-id=\"bf3fe23\" data-element_type=\"section\">\n\t\t\t\t\t\t<div class=\"elementor-container elementor-column-gap-default\">\n\t\t\t\t\t<div class=\"elementor-column elementor-col-50 elementor-inner-column elementor-element elementor-element-4500c96\" data-id=\"4500c96\" data-element_type=\"column\">\n\t\t\t<div class=\"elementor-widget-wrap\">\n\t\t\t\t\t\t\t<\/div>\n\t\t<\/div>\n\t\t\t\t<div class=\"elementor-column elementor-col-50 elementor-inner-column elementor-element elementor-element-4cad17e\" data-id=\"4cad17e\" data-element_type=\"column\">\n\t\t\t<div class=\"elementor-widget-wrap\">\n\t\t\t\t\t\t\t<\/div>\n\t\t<\/div>\n\t\t\t\t\t<\/div>\n\t\t<\/section>\n\t\t\t\t\t<\/div>\n\t\t<\/div>\n\t\t\t\t\t<\/div>\n\t\t<\/section>\n\t\t\t\t<\/div>\n\t\t","protected":false},"excerpt":{"rendered":"<p>Bienes Ra\u00edces GRUPO BARCELONA S.A. Profesionales en Bienes Ra\u00edces Se dedica al corretaje de propiedades comerciales, industriales, viviendas, apartamentos, fincas y mucho m\u00e1s. Desarrollo de Proyectos y representaci\u00f3n Manejo de Transacciones utilizando lo \u00faltimo en tecnolog\u00eda y servicio personalizado. Licencia \u2013 PJ \u2013 0745 \u2013 09 \u2013 Operando bajo el Nombre Comercial El Corredor.net Inventario [&hellip;]<\/p>\n","protected":false},"author":1,"featured_media":0,"parent":0,"menu_order":0,"comment_status":"closed","ping_status":"closed","template":"","meta":{"footnotes":""},"_links":{"self":[{"href":"https:\/\/grupobarcelona.com\/index.php\/wp-json\/wp\/v2\/pages\/3018"}],"collection":[{"href":"https:\/\/grupobarcelona.com\/index.php\/wp-json\/wp\/v2\/pages"}],"about":[{"href":"https:\/\/grupobarcelona.com\/index.php\/wp-json\/wp\/v2\/types\/page"}],"author":[{"embeddable":true,"href":"https:\/\/grupobarcelona.com\/index.php\/wp-json\/wp\/v2\/users\/1"}],"replies":[{"embeddable":true,"href":"https:\/\/grupobarcelona.com\/index.php\/wp-json\/wp\/v2\/comments?post=3018"}],"version-history":[{"count":128,"href":"https:\/\/grupobarcelona.com\/index.php\/wp-json\/wp\/v2\/pages\/3018\/revisions"}],"predecessor-version":[{"id":4305,"href":"https:\/\/grupobarcelona.com\/index.php\/wp-json\/wp\/v2\/pages\/3018\/revisions\/4305"}],"wp:attachment":[{"href":"https:\/\/grupobarcelona.com\/index.php\/wp-json\/wp\/v2\/media?parent=3018"}],"curies":[{"name":"wp","href":"https:\/\/api.w.org\/{rel}","templated":true}]}}